{"id":1238,"date":"2026-03-19T16:31:58","date_gmt":"2026-03-19T16:31:58","guid":{"rendered":"https:\/\/investidordadiaspora.cv\/?page_id=1238"},"modified":"2026-03-19T18:00:56","modified_gmt":"2026-03-19T18:00:56","slug":"prevencao-e-combate-ao-assedio-e-abuso-sexual","status":"publish","type":"page","link":"https:\/\/investidordadiaspora.cv\/index.php\/prevencao-e-combate-ao-assedio-e-abuso-sexual\/","title":{"rendered":"Preven\u00e7\u00e3o e Combate ao Ass\u00e9dio e Abuso Sexual"},"content":{"rendered":"\t\t<div data-elementor-type=\"wp-page\" data-elementor-id=\"1238\" class=\"elementor elementor-1238\">\n\t\t\t\t<div class=\"elementor-element elementor-element-4dcf998b e-con-full e-flex e-con e-parent\" data-id=\"4dcf998b\" data-element_type=\"container\" data-e-type=\"container\" data-settings=\"{&quot;background_background&quot;:&quot;gradient&quot;}\">\n\t\t<div class=\"elementor-element elementor-element-63346880 e-flex e-con-boxed e-con e-child\" data-id=\"63346880\" data-element_type=\"container\" data-e-type=\"container\">\n\t\t\t\t\t<div class=\"e-con-inner\">\n\t\t\t\t<div class=\"elementor-element elementor-element-1031cae4 elementor-widget elementor-widget-text-editor\" data-id=\"1031cae4\" data-element_type=\"widget\" data-e-type=\"widget\" data-widget_type=\"text-editor.default\">\n\t\t\t\t\t\t\t\t\t<p>In\u00edcio \/ Princ\u00edpios Orientadores \/ Preven\u00e7\u00e3o ao Ass\u00e9dio<\/p>\t\t\t\t\t\t\t\t<\/div>\n\t\t\t\t<div class=\"elementor-element elementor-element-f398152 elementor-widget elementor-widget-heading\" data-id=\"f398152\" data-element_type=\"widget\" data-e-type=\"widget\" data-widget_type=\"heading.default\">\n\t\t\t\t\t<h2 class=\"elementor-heading-title elementor-size-default\">Preven\u00e7\u00e3o e Combate ao Ass\u00e9dio e Abuso Sexual<\/h2>\t\t\t\t<\/div>\n\t\t\t\t<div class=\"elementor-element elementor-element-28115a58 elementor-widget elementor-widget-text-editor\" data-id=\"28115a58\" data-element_type=\"widget\" data-e-type=\"widget\" data-widget_type=\"text-editor.default\">\n\t\t\t\t\t\t\t\t\t<p>Garantir um ambiente de trabalho seguro, respeitoso e livre de qualquer forma de ass\u00e9dio<\/p>\t\t\t\t\t\t\t\t<\/div>\n\t\t\t\t\t<\/div>\n\t\t\t\t<\/div>\n\t\t\t\t<\/div>\n\t\t<div class=\"elementor-element elementor-element-5fedfd1c e-con-full e-flex e-con e-parent\" data-id=\"5fedfd1c\" data-element_type=\"container\" data-e-type=\"container\">\n\t\t<div class=\"elementor-element elementor-element-57cf10bb e-flex e-con-boxed e-con e-child\" data-id=\"57cf10bb\" data-element_type=\"container\" data-e-type=\"container\">\n\t\t\t\t\t<div class=\"e-con-inner\">\n\t\t<div class=\"elementor-element elementor-element-23879bca e-con-full e-flex e-con e-child\" data-id=\"23879bca\" data-element_type=\"container\" data-e-type=\"container\">\n\t\t\t\t<div class=\"elementor-element elementor-element-74a387cf elementor-widget elementor-widget-heading\" data-id=\"74a387cf\" data-element_type=\"widget\" data-e-type=\"widget\" data-widget_type=\"heading.default\">\n\t\t\t\t\t<h2 class=\"elementor-heading-title elementor-size-default\">Vis\u00e3o Geral<\/h2>\t\t\t\t<\/div>\n\t\t\t\t<div class=\"elementor-element elementor-element-112fabd8 elementor-widget elementor-widget-text-editor\" data-id=\"112fabd8\" data-element_type=\"widget\" data-e-type=\"widget\" data-widget_type=\"text-editor.default\">\n\t\t\t\t\t\t\t\t\t<p>O ass\u00e9dio e o abuso sexual no ambiente de trabalho s\u00e3o quest\u00f5es que devem tratadas de forma assertiva, fornecendo esclarecimentos e procedimentos adequados para ado\u00e7\u00e3o de medidas mediante uma reclama\u00e7\u00e3o\/den\u00fancia. A empresa tem a responsabilidade de proteger a dignidade de todo o pessoal no local de trabalho e de prevenir esses comportamentos.<\/p><p>O ass\u00e9dio engloba qualquer ato, conduta, declara\u00e7\u00e3o ou pedido que seja indesej\u00e1vel para outra(s) pessoa(s) e que possa, em todas as circunst\u00e2ncias, ser razoavelmente considerado como um comportamento de natureza discriminat\u00f3ria, ofensiva, humilhante, intimidante ou violenta ou uma intrus\u00e3o na privacidade. O ass\u00e9dio pode incluir uma a\u00e7\u00e3o, um comportamento, uma declara\u00e7\u00e3o ou uma manifesta\u00e7\u00e3o relacionada com a ra\u00e7a, a idade, as cren\u00e7as, a religi\u00e3o, a origem nacional ou \u00e9tnica, os atributos f\u00edsicos, o sexo, a orienta\u00e7\u00e3o sexual, o estado civil ou a situa\u00e7\u00e3o familiar de uma pessoa. O ass\u00e9dio diz respeito n\u00e3o s\u00f3 \u00e0 inten\u00e7\u00e3o, mas tamb\u00e9m ao efeito. Um ato que seja razoavelmente entendido por uma pessoa ou grupo como ofensivo pode constituir ass\u00e9dio, seja ele intencional ou n\u00e3o. A origem mais comum do ass\u00e9dio \u00e9 um conflito n\u00e3o resolvido no local de trabalho. O ass\u00e9dio inclui, entre outros, o ass\u00e9dio sexual, o abuso de autoridade e a retalia\u00e7\u00e3o.<\/p><p>Ass\u00e9dio sexual \u00e9 qualquer avan\u00e7o sexual indesejado, pedido de favores sexuais ou outro comportamento verbal ou f\u00edsico de natureza sexual que se torne uma condi\u00e7\u00e3o de emprego ou crie um ambiente intimidante atrav\u00e9s de uma press\u00e3o subtil e repetida para atividades sexuais. \u00c9 particularmente grave e ofensivo quando este tipo de comportamento \u00e9 praticado por um membro do pessoal que est\u00e1 em posi\u00e7\u00e3o de influenciar a carreira ou as condi\u00e7\u00f5es de emprego (incluindo a contrata\u00e7\u00e3o, a afeta\u00e7\u00e3o, a renova\u00e7\u00e3o do contrato, a avalia\u00e7\u00e3o do desempenho, as condi\u00e7\u00f5es de trabalho ou a promo\u00e7\u00e3o) do destinat\u00e1rio dessas aten\u00e7\u00f5es. Nesta situa\u00e7\u00e3o, o ass\u00e9dio sexual constitui tamb\u00e9m um abuso de poder. Tanto os colegas do sexo masculino como os do sexo feminino podem ser v\u00edtimas ou infratores. O ass\u00e9dio sexual pode ser dirigido contra uma pessoa do sexo oposto ou do mesmo sexo. O ass\u00e9dio sexual pode tamb\u00e9m ocorrer fora do local de trabalho e\/ou fora do hor\u00e1rio de trabalho.<\/p>\t\t\t\t\t\t\t\t<\/div>\n\t\t\t\t<div class=\"elementor-element elementor-element-377afc49 ct-service-box e-transform elementor-position-inline-start elementor-view-default elementor-mobile-position-block-start elementor-widget elementor-widget-icon-box\" data-id=\"377afc49\" data-element_type=\"widget\" data-e-type=\"widget\" data-settings=\"{&quot;_transform_scale_effect_hover&quot;:{&quot;unit&quot;:&quot;px&quot;,&quot;size&quot;:1.05,&quot;sizes&quot;:[]},&quot;_transform_scale_effect_hover_tablet&quot;:{&quot;unit&quot;:&quot;px&quot;,&quot;size&quot;:&quot;&quot;,&quot;sizes&quot;:[]},&quot;_transform_scale_effect_hover_mobile&quot;:{&quot;unit&quot;:&quot;px&quot;,&quot;size&quot;:&quot;&quot;,&quot;sizes&quot;:[]}}\" data-widget_type=\"icon-box.default\">\n\t\t\t\t\t\t\t<div class=\"elementor-icon-box-wrapper\">\n\n\t\t\t\t\t\t<div class=\"elementor-icon-box-icon\">\n\t\t\t\t<span  class=\"elementor-icon elementor-animation-pulse\">\n\t\t\t\t<svg aria-hidden=\"true\" class=\"e-font-icon-svg e-fas-check-circle\" viewBox=\"0 0 512 512\" xmlns=\"http:\/\/www.w3.org\/2000\/svg\"><path d=\"M504 256c0 136.967-111.033 248-248 248S8 392.967 8 256 119.033 8 256 8s248 111.033 248 248zM227.314 387.314l184-184c6.248-6.248 6.248-16.379 0-22.627l-22.627-22.627c-6.248-6.249-16.379-6.249-22.628 0L216 308.118l-70.059-70.059c-6.248-6.248-16.379-6.248-22.628 0l-22.627 22.627c-6.248 6.248-6.248 16.379 0 22.627l104 104c6.249 6.249 16.379 6.249 22.628.001z\"><\/path><\/svg>\t\t\t\t<\/span>\n\t\t\t<\/div>\n\t\t\t\n\t\t\t\t\t\t<div class=\"elementor-icon-box-content\">\n\n\t\t\t\t\t\t\t\t\t<h3 class=\"elementor-icon-box-title\">\n\t\t\t\t\t\t<span  >\n\t\t\t\t\t\t\tCompromisso Essencial\t\t\t\t\t\t<\/span>\n\t\t\t\t\t<\/h3>\n\t\t\t\t\n\t\t\t\t\t\t\t\t\t<p class=\"elementor-icon-box-description\">\n\t\t\t\t\t\tProteger a dignidade e seguran\u00e7a de todos os colaboradores \u00e9 uma responsabilidade inegoci\u00e1vel da empresa.\t\t\t\t\t<\/p>\n\t\t\t\t\n\t\t\t<\/div>\n\t\t\t\n\t\t<\/div>\n\t\t\t\t\t\t<\/div>\n\t\t\t\t<div class=\"elementor-element elementor-element-e8feb2c elementor-widget elementor-widget-heading\" data-id=\"e8feb2c\" data-element_type=\"widget\" data-e-type=\"widget\" data-widget_type=\"heading.default\">\n\t\t\t\t\t<h2 class=\"elementor-heading-title elementor-size-default\">Medidas Recomendadas<\/h2>\t\t\t\t<\/div>\n\t\t<div class=\"elementor-element elementor-element-9bda1e6 e-con-full e-flex e-con e-child\" data-id=\"9bda1e6\" data-element_type=\"container\" data-e-type=\"container\">\n\t\t<div class=\"elementor-element elementor-element-17bb9ecd e-con-full e-transform e-transform e-flex e-con e-child\" data-id=\"17bb9ecd\" data-element_type=\"container\" data-e-type=\"container\" data-settings=\"{&quot;_transform_translateY_effect&quot;:{&quot;unit&quot;:&quot;px&quot;,&quot;size&quot;:0,&quot;sizes&quot;:[]},&quot;_transform_translateY_effect_hover&quot;:{&quot;unit&quot;:&quot;px&quot;,&quot;size&quot;:-10,&quot;sizes&quot;:[]},&quot;_transform_translateX_effect&quot;:{&quot;unit&quot;:&quot;px&quot;,&quot;size&quot;:&quot;&quot;,&quot;sizes&quot;:[]},&quot;_transform_translateX_effect_tablet&quot;:{&quot;unit&quot;:&quot;px&quot;,&quot;size&quot;:&quot;&quot;,&quot;sizes&quot;:[]},&quot;_transform_translateX_effect_mobile&quot;:{&quot;unit&quot;:&quot;px&quot;,&quot;size&quot;:&quot;&quot;,&quot;sizes&quot;:[]},&quot;_transform_translateY_effect_tablet&quot;:{&quot;unit&quot;:&quot;px&quot;,&quot;size&quot;:&quot;&quot;,&quot;sizes&quot;:[]},&quot;_transform_translateY_effect_mobile&quot;:{&quot;unit&quot;:&quot;px&quot;,&quot;size&quot;:&quot;&quot;,&quot;sizes&quot;:[]},&quot;_transform_translateX_effect_hover&quot;:{&quot;unit&quot;:&quot;px&quot;,&quot;size&quot;:&quot;&quot;,&quot;sizes&quot;:[]},&quot;_transform_translateX_effect_hover_tablet&quot;:{&quot;unit&quot;:&quot;px&quot;,&quot;size&quot;:&quot;&quot;,&quot;sizes&quot;:[]},&quot;_transform_translateX_effect_hover_mobile&quot;:{&quot;unit&quot;:&quot;px&quot;,&quot;size&quot;:&quot;&quot;,&quot;sizes&quot;:[]},&quot;_transform_translateY_effect_hover_tablet&quot;:{&quot;unit&quot;:&quot;px&quot;,&quot;size&quot;:&quot;&quot;,&quot;sizes&quot;:[]},&quot;_transform_translateY_effect_hover_mobile&quot;:{&quot;unit&quot;:&quot;px&quot;,&quot;size&quot;:&quot;&quot;,&quot;sizes&quot;:[]}}\">\n\t\t\t\t<div class=\"elementor-element elementor-element-1341b957 elementor-widget__width-auto elementor-widget elementor-widget-heading\" data-id=\"1341b957\" data-element_type=\"widget\" data-e-type=\"widget\" data-widget_type=\"heading.default\">\n\t\t\t\t\t<h2 class=\"elementor-heading-title elementor-size-default\">1<\/h2>\t\t\t\t<\/div>\n\t\t\t\t<div class=\"elementor-element elementor-element-2287baae elementor-widget elementor-widget-text-editor\" data-id=\"2287baae\" data-element_type=\"widget\" data-e-type=\"widget\" data-widget_type=\"text-editor.default\">\n\t\t\t\t\t\t\t\t\t<h5>Sensibiliza\u00e7\u00e3o e Forma\u00e7\u00e3o<\/h5><p>Aumentar a consciencializa\u00e7\u00e3o sobre ass\u00e9dio e abuso sexual.<\/p><ul><li>Aumentar a sensibiliza\u00e7\u00e3o para as quest\u00f5es relacionadas com o ass\u00e9dio e abuso sexual atrav\u00e9s de forma\u00e7\u00f5es<\/li><li>\u00a0<\/li><\/ul>\t\t\t\t\t\t\t\t<\/div>\n\t\t\t\t<\/div>\n\t\t<div class=\"elementor-element elementor-element-5460d8c6 e-con-full e-transform e-transform e-flex e-con e-child\" data-id=\"5460d8c6\" data-element_type=\"container\" data-e-type=\"container\" data-settings=\"{&quot;_transform_translateY_effect&quot;:{&quot;unit&quot;:&quot;px&quot;,&quot;size&quot;:0,&quot;sizes&quot;:[]},&quot;_transform_translateY_effect_hover&quot;:{&quot;unit&quot;:&quot;px&quot;,&quot;size&quot;:-10,&quot;sizes&quot;:[]},&quot;_transform_translateX_effect&quot;:{&quot;unit&quot;:&quot;px&quot;,&quot;size&quot;:&quot;&quot;,&quot;sizes&quot;:[]},&quot;_transform_translateX_effect_tablet&quot;:{&quot;unit&quot;:&quot;px&quot;,&quot;size&quot;:&quot;&quot;,&quot;sizes&quot;:[]},&quot;_transform_translateX_effect_mobile&quot;:{&quot;unit&quot;:&quot;px&quot;,&quot;size&quot;:&quot;&quot;,&quot;sizes&quot;:[]},&quot;_transform_translateY_effect_tablet&quot;:{&quot;unit&quot;:&quot;px&quot;,&quot;size&quot;:&quot;&quot;,&quot;sizes&quot;:[]},&quot;_transform_translateY_effect_mobile&quot;:{&quot;unit&quot;:&quot;px&quot;,&quot;size&quot;:&quot;&quot;,&quot;sizes&quot;:[]},&quot;_transform_translateX_effect_hover&quot;:{&quot;unit&quot;:&quot;px&quot;,&quot;size&quot;:&quot;&quot;,&quot;sizes&quot;:[]},&quot;_transform_translateX_effect_hover_tablet&quot;:{&quot;unit&quot;:&quot;px&quot;,&quot;size&quot;:&quot;&quot;,&quot;sizes&quot;:[]},&quot;_transform_translateX_effect_hover_mobile&quot;:{&quot;unit&quot;:&quot;px&quot;,&quot;size&quot;:&quot;&quot;,&quot;sizes&quot;:[]},&quot;_transform_translateY_effect_hover_tablet&quot;:{&quot;unit&quot;:&quot;px&quot;,&quot;size&quot;:&quot;&quot;,&quot;sizes&quot;:[]},&quot;_transform_translateY_effect_hover_mobile&quot;:{&quot;unit&quot;:&quot;px&quot;,&quot;size&quot;:&quot;&quot;,&quot;sizes&quot;:[]}}\">\n\t\t\t\t<div class=\"elementor-element elementor-element-6ff291b1 elementor-widget__width-auto elementor-widget elementor-widget-heading\" data-id=\"6ff291b1\" data-element_type=\"widget\" data-e-type=\"widget\" data-widget_type=\"heading.default\">\n\t\t\t\t\t<h2 class=\"elementor-heading-title elementor-size-default\">2<\/h2>\t\t\t\t<\/div>\n\t\t\t\t<div class=\"elementor-element elementor-element-e4a4901 elementor-widget elementor-widget-text-editor\" data-id=\"e4a4901\" data-element_type=\"widget\" data-e-type=\"widget\" data-widget_type=\"text-editor.default\">\n\t\t\t\t\t\t\t\t\t<h5>Canais de Den\u00fancia<\/h5><p>Garantir resposta r\u00e1pida e confidencial \u00e0s den\u00fancias.<\/p><ul><li>Criar canais de comunica\u00e7\u00e3o, tomar medidas disciplinares e de investiga\u00e7\u00e3o r\u00e1pidas e adequadas quando o ass\u00e9dio \u00e9 denunciado e ser respons\u00e1vel pelos resultados<\/li><\/ul>\t\t\t\t\t\t\t\t<\/div>\n\t\t\t\t<\/div>\n\t\t\t\t<\/div>\n\t\t<div class=\"elementor-element elementor-element-356a791f e-con-full e-flex e-con e-child\" data-id=\"356a791f\" data-element_type=\"container\" data-e-type=\"container\">\n\t\t<div class=\"elementor-element elementor-element-78ec18c2 e-con-full e-transform e-transform e-flex e-con e-child\" data-id=\"78ec18c2\" data-element_type=\"container\" data-e-type=\"container\" data-settings=\"{&quot;_transform_translateY_effect&quot;:{&quot;unit&quot;:&quot;px&quot;,&quot;size&quot;:0,&quot;sizes&quot;:[]},&quot;_transform_translateY_effect_hover&quot;:{&quot;unit&quot;:&quot;px&quot;,&quot;size&quot;:-10,&quot;sizes&quot;:[]},&quot;_transform_translateX_effect&quot;:{&quot;unit&quot;:&quot;px&quot;,&quot;size&quot;:&quot;&quot;,&quot;sizes&quot;:[]},&quot;_transform_translateX_effect_tablet&quot;:{&quot;unit&quot;:&quot;px&quot;,&quot;size&quot;:&quot;&quot;,&quot;sizes&quot;:[]},&quot;_transform_translateX_effect_mobile&quot;:{&quot;unit&quot;:&quot;px&quot;,&quot;size&quot;:&quot;&quot;,&quot;sizes&quot;:[]},&quot;_transform_translateY_effect_tablet&quot;:{&quot;unit&quot;:&quot;px&quot;,&quot;size&quot;:&quot;&quot;,&quot;sizes&quot;:[]},&quot;_transform_translateY_effect_mobile&quot;:{&quot;unit&quot;:&quot;px&quot;,&quot;size&quot;:&quot;&quot;,&quot;sizes&quot;:[]},&quot;_transform_translateX_effect_hover&quot;:{&quot;unit&quot;:&quot;px&quot;,&quot;size&quot;:&quot;&quot;,&quot;sizes&quot;:[]},&quot;_transform_translateX_effect_hover_tablet&quot;:{&quot;unit&quot;:&quot;px&quot;,&quot;size&quot;:&quot;&quot;,&quot;sizes&quot;:[]},&quot;_transform_translateX_effect_hover_mobile&quot;:{&quot;unit&quot;:&quot;px&quot;,&quot;size&quot;:&quot;&quot;,&quot;sizes&quot;:[]},&quot;_transform_translateY_effect_hover_tablet&quot;:{&quot;unit&quot;:&quot;px&quot;,&quot;size&quot;:&quot;&quot;,&quot;sizes&quot;:[]},&quot;_transform_translateY_effect_hover_mobile&quot;:{&quot;unit&quot;:&quot;px&quot;,&quot;size&quot;:&quot;&quot;,&quot;sizes&quot;:[]}}\">\n\t\t\t\t<div class=\"elementor-element elementor-element-1a159ecd elementor-widget__width-auto elementor-widget elementor-widget-heading\" data-id=\"1a159ecd\" data-element_type=\"widget\" data-e-type=\"widget\" data-widget_type=\"heading.default\">\n\t\t\t\t\t<h2 class=\"elementor-heading-title elementor-size-default\">3<\/h2>\t\t\t\t<\/div>\n\t\t\t\t<div class=\"elementor-element elementor-element-133f90da elementor-widget elementor-widget-text-editor\" data-id=\"133f90da\" data-element_type=\"widget\" data-e-type=\"widget\" data-widget_type=\"text-editor.default\">\n\t\t\t\t\t\t\t\t\t<h5>Forma\u00e7\u00e3o de Gestores<\/h5><p>Capacitar l\u00edderes para prevenir e agir.<\/p><ul><li>Dar forma\u00e7\u00e3o aos gestores sobre a preven\u00e7\u00e3o e o combate ao ass\u00e9dio para que assumam uma maior responsabilidade e responsabiliza\u00e7\u00e3o por um ambiente de trabalho sem ass\u00e9dio<\/li><\/ul>\t\t\t\t\t\t\t\t<\/div>\n\t\t\t\t<\/div>\n\t\t<div class=\"elementor-element elementor-element-6c8a3a16 e-con-full e-transform e-transform e-flex e-con e-child\" data-id=\"6c8a3a16\" data-element_type=\"container\" data-e-type=\"container\" data-settings=\"{&quot;_transform_translateY_effect&quot;:{&quot;unit&quot;:&quot;px&quot;,&quot;size&quot;:0,&quot;sizes&quot;:[]},&quot;_transform_translateY_effect_hover&quot;:{&quot;unit&quot;:&quot;px&quot;,&quot;size&quot;:-10,&quot;sizes&quot;:[]},&quot;_transform_translateX_effect&quot;:{&quot;unit&quot;:&quot;px&quot;,&quot;size&quot;:&quot;&quot;,&quot;sizes&quot;:[]},&quot;_transform_translateX_effect_tablet&quot;:{&quot;unit&quot;:&quot;px&quot;,&quot;size&quot;:&quot;&quot;,&quot;sizes&quot;:[]},&quot;_transform_translateX_effect_mobile&quot;:{&quot;unit&quot;:&quot;px&quot;,&quot;size&quot;:&quot;&quot;,&quot;sizes&quot;:[]},&quot;_transform_translateY_effect_tablet&quot;:{&quot;unit&quot;:&quot;px&quot;,&quot;size&quot;:&quot;&quot;,&quot;sizes&quot;:[]},&quot;_transform_translateY_effect_mobile&quot;:{&quot;unit&quot;:&quot;px&quot;,&quot;size&quot;:&quot;&quot;,&quot;sizes&quot;:[]},&quot;_transform_translateX_effect_hover&quot;:{&quot;unit&quot;:&quot;px&quot;,&quot;size&quot;:&quot;&quot;,&quot;sizes&quot;:[]},&quot;_transform_translateX_effect_hover_tablet&quot;:{&quot;unit&quot;:&quot;px&quot;,&quot;size&quot;:&quot;&quot;,&quot;sizes&quot;:[]},&quot;_transform_translateX_effect_hover_mobile&quot;:{&quot;unit&quot;:&quot;px&quot;,&quot;size&quot;:&quot;&quot;,&quot;sizes&quot;:[]},&quot;_transform_translateY_effect_hover_tablet&quot;:{&quot;unit&quot;:&quot;px&quot;,&quot;size&quot;:&quot;&quot;,&quot;sizes&quot;:[]},&quot;_transform_translateY_effect_hover_mobile&quot;:{&quot;unit&quot;:&quot;px&quot;,&quot;size&quot;:&quot;&quot;,&quot;sizes&quot;:[]}}\">\n\t\t\t\t<div class=\"elementor-element elementor-element-694aa653 elementor-widget__width-auto elementor-widget elementor-widget-heading\" data-id=\"694aa653\" data-element_type=\"widget\" data-e-type=\"widget\" data-widget_type=\"heading.default\">\n\t\t\t\t\t<h2 class=\"elementor-heading-title elementor-size-default\">4<\/h2>\t\t\t\t<\/div>\n\t\t\t\t<div class=\"elementor-element elementor-element-1aa11d27 elementor-widget elementor-widget-text-editor\" data-id=\"1aa11d27\" data-element_type=\"widget\" data-e-type=\"widget\" data-widget_type=\"text-editor.default\">\n\t\t\t\t\t\t\t\t\t<h5>Prote\u00e7\u00e3o aos Denunciantes<\/h5><p>Proteger quem denuncia contra retalia\u00e7\u00f5es.<\/p><ul><li>Incentivar a den\u00fancia, assegurar que s\u00e3o mantidas confidenciais e proteger os que denunciam contra retalia\u00e7\u00f5es<\/li><\/ul>\t\t\t\t\t\t\t\t<\/div>\n\t\t\t\t<\/div>\n\t\t\t\t<\/div>\n\t\t\t\t<div class=\"elementor-element elementor-element-3120c831 elementor-widget-divider--view-line elementor-widget elementor-widget-divider\" data-id=\"3120c831\" data-element_type=\"widget\" data-e-type=\"widget\" data-widget_type=\"divider.default\">\n\t\t\t\t\t\t\t<div class=\"elementor-divider\">\n\t\t\t<span class=\"elementor-divider-separator\">\n\t\t\t\t\t\t<\/span>\n\t\t<\/div>\n\t\t\t\t\t\t<\/div>\n\t\t<div class=\"elementor-element elementor-element-681df6db e-con-full e-flex e-con e-child\" data-id=\"681df6db\" data-element_type=\"container\" data-e-type=\"container\">\n\t\t\t\t<div class=\"elementor-element elementor-element-5b72342a elementor-widget elementor-widget-button\" data-id=\"5b72342a\" data-element_type=\"widget\" data-e-type=\"widget\" data-widget_type=\"button.default\">\n\t\t\t\t\t\t\t\t\t\t<a class=\"elementor-button elementor-button-link elementor-size-sm\" href=\"https:\/\/investidordadiaspora.cv\/#principios\">\n\t\t\t\t\t\t<span class=\"elementor-button-content-wrapper\">\n\t\t\t\t\t\t\t\t\t<span class=\"elementor-button-text\">Todos Princ\u00edpios<\/span>\n\t\t\t\t\t<\/span>\n\t\t\t\t\t<\/a>\n\t\t\t\t\t\t\t\t<\/div>\n\t\t\t\t<\/div>\n\t\t\t\t<\/div>\n\t\t\t\t\t<\/div>\n\t\t\t\t<\/div>\n\t\t\t\t<\/div>\n\t\t\t\t<\/div>\n\t\t","protected":false},"excerpt":{"rendered":"<p>In\u00edcio \/ Princ\u00edpios Orientadores \/ Preven\u00e7\u00e3o ao Ass\u00e9dio Preven\u00e7\u00e3o e Combate ao Ass\u00e9dio e Abuso Sexual Garantir um ambiente de trabalho seguro, respeitoso e livre de qualquer forma de ass\u00e9dio Vis\u00e3o Geral O ass\u00e9dio e o abuso sexual no ambiente de trabalho s\u00e3o quest\u00f5es que devem tratadas de forma assertiva, fornecendo esclarecimentos e procedimentos adequados [&hellip;]<\/p>\n","protected":false},"author":1,"featured_media":0,"parent":0,"menu_order":0,"comment_status":"closed","ping_status":"closed","template":"","meta":{"footnotes":""},"class_list":["post-1238","page","type-page","status-publish","hentry"],"blocksy_meta":[],"_links":{"self":[{"href":"https:\/\/investidordadiaspora.cv\/index.php\/wp-json\/wp\/v2\/pages\/1238","targetHints":{"allow":["GET"]}}],"collection":[{"href":"https:\/\/investidordadiaspora.cv\/index.php\/wp-json\/wp\/v2\/pages"}],"about":[{"href":"https:\/\/investidordadiaspora.cv\/index.php\/wp-json\/wp\/v2\/types\/page"}],"author":[{"embeddable":true,"href":"https:\/\/investidordadiaspora.cv\/index.php\/wp-json\/wp\/v2\/users\/1"}],"replies":[{"embeddable":true,"href":"https:\/\/investidordadiaspora.cv\/index.php\/wp-json\/wp\/v2\/comments?post=1238"}],"version-history":[{"count":7,"href":"https:\/\/investidordadiaspora.cv\/index.php\/wp-json\/wp\/v2\/pages\/1238\/revisions"}],"predecessor-version":[{"id":1319,"href":"https:\/\/investidordadiaspora.cv\/index.php\/wp-json\/wp\/v2\/pages\/1238\/revisions\/1319"}],"wp:attachment":[{"href":"https:\/\/investidordadiaspora.cv\/index.php\/wp-json\/wp\/v2\/media?parent=1238"}],"curies":[{"name":"wp","href":"https:\/\/api.w.org\/{rel}","templated":true}]}}